{"id":6,"date":"2019-07-05T15:06:17","date_gmt":"2019-07-05T15:06:17","guid":{"rendered":"http:\/\/philippe-lekieffre.com\/?page_id=6"},"modified":"2026-03-24T06:03:18","modified_gmt":"2026-03-24T06:03:18","slug":"accueil","status":"publish","type":"page","link":"https:\/\/philippe-lekieffre.com\/","title":{"rendered":"Accueil"},"content":{"rendered":"\n<p>Bienvenue sur le site de l&rsquo;Association et du Ch\u0153ur philMusic de Rambouillet<\/p>\n\n\n\n<h2 class=\"wp-block-heading\"><strong>Saison 2026<\/strong><\/h2>\n\n\n\n<figure class=\"wp-block-image size-full\"><img decoding=\"async\" src=\"https:\/\/philippe-lekieffre.com\/staging\/wp-content\/uploads\/2026\/03\/Dates-concerts-2026.png\" alt=\"\" class=\"wp-image-5434\"\/><\/figure>\n\n\n\n<p>Le Ch\u0153ur philMusic de Rambouillet vous propose trois concerts exceptionnels \u00e0 Gazeran, Rambouillet et Saint-L\u00e9ger-en-Yvelines c\u00e9l\u00e9brant le grand patrimoine choral europ\u00e9en.<\/p>\n\n\n\n<p>Sous la direction de Philippe Lekieffre et accompagn\u00e9s de pianistes talentueux, les choristes interpr\u00e8teront un<a href=\"https:\/\/philippe-lekieffre.com\/?page_id=5341\" data-type=\"page\" data-id=\"5341\"> <strong>programme<\/strong><\/a> lumineux et riche en \u00e9motions.<\/p>\n\n\n\n<p>De Hector Berlioz \u00e0 Johannes Brahms, en passant par Gabriel Faur\u00e9, les grandes traditions musicales se rencontrent.<\/p>\n\n\n\n<p>La ferveur de Georg Friedrich Haendel c\u00f4toie les couleurs romantiques de Felix Mendelssohn et Franz Schubert.<\/p>\n\n\n\n<p>L\u2019\u00e9nergie de Gioachino Rossini et l\u2019intensit\u00e9 d\u2019Edward Elgar compl\u00e8tent ce voyage musical.<\/p>\n\n\n\n<p>Le programme inclut \u00e9galement des \u0153uvres de Philippe Lekieffre, t\u00e9moignant d\u2019une cr\u00e9ation contemporaine vivante.<\/p>\n\n\n\n<p>Laissez-vous porter par la puissance des voix, la richesse des harmonies et la beaut\u00e9 des textes en plusieurs langues.<\/p>\n\n\n\n<p>La musique chorale devient un v\u00e9ritable lien entre les cultures et les g\u00e9n\u00e9rations.<\/p>\n\n\n\n<p><strong>Un moment de partage et d\u2019\u00e9motion \u00e0 ne pas manquer.<\/strong> &#x1f3b6;<\/p>\n\n\n\n<p><strong><a href=\"https:\/\/philippe-lekieffre.com\/?page_id=5341\" data-type=\"page\" data-id=\"5341\">D\u00e9tails du r\u00e9pertoire et programme du ch\u0153ur philMusic<\/a><\/strong><\/p>\n\n\n\n<p><a href=\"https:\/\/philippe-lekieffre.com\/?page_id=1481\" data-type=\"page\" data-id=\"1481\">Prendre contact&nbsp;<\/a><\/p>\n\n\n\n<p><\/p>\n","protected":false},"excerpt":{"rendered":"<p>Bienvenue sur le site de l&rsquo;Association et du Ch\u0153ur philMusic de Rambouillet Saison 2026 Le Ch\u0153ur philMusic de Rambouillet vous propose trois concerts exceptionnels \u00e0 Gazeran, Rambouillet et Saint-L\u00e9ger-en-Yvelines c\u00e9l\u00e9brant le grand patrimoine choral europ\u00e9en. Sous la direction de Philippe Lekieffre et accompagn\u00e9s de pianistes talentueux, les choristes interpr\u00e8teront un programme lumineux et riche en [&hellip;]<\/p>\n","protected":false},"author":1,"featured_media":0,"parent":0,"menu_order":0,"comment_status":"closed","ping_status":"closed","template":"","meta":{"ngg_post_thumbnail":0,"footnotes":""},"class_list":["post-6","page","type-page","status-publish","hentry"],"_links":{"self":[{"href":"https:\/\/philippe-lekieffre.com\/index.php?rest_route=\/wp\/v2\/pages\/6","targetHints":{"allow":["GET"]}}],"collection":[{"href":"https:\/\/philippe-lekieffre.com\/index.php?rest_route=\/wp\/v2\/pages"}],"about":[{"href":"https:\/\/philippe-lekieffre.com\/index.php?rest_route=\/wp\/v2\/types\/page"}],"author":[{"embeddable":true,"href":"https:\/\/philippe-lekieffre.com\/index.php?rest_route=\/wp\/v2\/users\/1"}],"replies":[{"embeddable":true,"href":"https:\/\/philippe-lekieffre.com\/index.php?rest_route=%2Fwp%2Fv2%2Fcomments&post=6"}],"version-history":[{"count":100,"href":"https:\/\/philippe-lekieffre.com\/index.php?rest_route=\/wp\/v2\/pages\/6\/revisions"}],"predecessor-version":[{"id":5415,"href":"https:\/\/philippe-lekieffre.com\/index.php?rest_route=\/wp\/v2\/pages\/6\/revisions\/5415"}],"wp:attachment":[{"href":"https:\/\/philippe-lekieffre.com\/index.php?rest_route=%2Fwp%2Fv2%2Fmedia&parent=6"}],"curies":[{"name":"wp","href":"https:\/\/api.w.org\/{rel}","templated":true}]}}