{"id":5344,"date":"2026-03-22T11:13:33","date_gmt":"2026-03-22T11:13:33","guid":{"rendered":"https:\/\/philippe-lekieffre.com\/?page_id=5344"},"modified":"2026-03-22T11:13:33","modified_gmt":"2026-03-22T11:13:33","slug":"historique","status":"publish","type":"page","link":"https:\/\/philippe-lekieffre.com\/?page_id=5344","title":{"rendered":"Historique"},"content":{"rendered":"\n<p>Le Ch\u0153ur philMusic de Rambouillet a \u00e9t\u00e9 cr\u00e9\u00e9 par Philippe Lekieffre en 2019 apr\u00e8s qu\u2019il eut dirig\u00e9 pendant 37 ans le ch\u0153ur de l\u2019\u00e9cole Sainte-Th\u00e9r\u00e8se de Rambouillet o\u00f9 il enseignait la musique et le chant.<\/p>\n\n\n\n<p>De nombreux choristes du Ch\u0153ur Sainte-Th\u00e9r\u00e8se l\u2019ont suivi dans cette nouvelle aventure.<\/p>\n\n\n\n<p>Le r\u00e9pertoire du Ch\u0153ur philMusic couvre le chant choral de 1700 \u00e0 nos jours en Europe de l\u2019Ouest au travers des principaux compositeurs qui ont domin\u00e9 la musique pendant cette p\u00e9riode.<\/p>\n\n\n\n<blockquote class=\"wp-block-quote is-layout-flow wp-block-quote-is-layout-flow\">\n<p style=\"font-size:clamp(15.197px, 0.95rem + ((1vw - 3.2px) * 0.813), 23px);\">Le mot du chef :<\/p>\n\n\n\n<figure class=\"wp-block-image size-full\"><img loading=\"lazy\" decoding=\"async\" width=\"109\" height=\"110\" src=\"https:\/\/philippe-lekieffre.com\/staging\/wp-content\/uploads\/2021\/11\/Philippe_109.jpg\" alt=\"\" class=\"wp-image-1660\" srcset=\"https:\/\/philippe-lekieffre.com\/wp-content\/uploads\/2021\/11\/Philippe_109.jpg 109w, https:\/\/philippe-lekieffre.com\/wp-content\/uploads\/2021\/11\/Philippe_109-100x100.jpg 100w\" sizes=\"auto, (max-width: 109px) 100vw, 109px\" \/><\/figure>\n\n\n\n<p style=\"font-size:clamp(15.197px, 0.95rem + ((1vw - 3.2px) * 0.813), 23px);\">\u00ab Si je persiste dans la fonction de chef de ch\u0153ur c\u2019est parce que je pense que le chant est un bienfait pour l\u2019humanit\u00e9. Bien s\u00fbr le \u00ab bon chant \u00bb : celui qui est \u00e9mis avec une technique digne de ce nom et qui n\u2019a pas besoin de microphone.<\/p>\n\n\n\n<p style=\"font-size:clamp(15.197px, 0.95rem + ((1vw - 3.2px) * 0.813), 23px);\">Dans ces conditions il permet au corps de s\u2019\u00e9panouir. L\u2019\u00e2me ? Et bien oui, aussi s\u00fbrement, lorsque le chant est le vecteur d\u2019un texte enrichissant de grande port\u00e9e et de grande tenue.<\/p>\n\n\n\n<p style=\"font-size:clamp(15.197px, 0.95rem + ((1vw - 3.2px) * 0.813), 23px);\">C\u2019est pourquoi je me suis toujours impr\u00e9gn\u00e9 et inspir\u00e9 de la grande litt\u00e9rature et en particulier des grands po\u00e8tes. Quelle que soit la langue, il est indispensable qu\u2019elle soit exprim\u00e9e correctement.<\/p>\n\n\n\n<p style=\"font-size:clamp(15.197px, 0.95rem + ((1vw - 3.2px) * 0.813), 23px);\">Ce qui est formidable dans la formation chorale c\u2019est qu\u2019elle permet d\u2019aborder les plus grandes \u0153uvres du r\u00e9pertoire avec les amateurs les plus humbles. La condition c\u2019est d\u2019\u00eatre volontaire, appliqu\u00e9 et de vouloir progresser (au cours d\u2019une audition particuli\u00e8re bienveillante le chef de ch\u0153ur doit vous conseiller).<\/p>\n\n\n\n<p style=\"font-size:clamp(15.197px, 0.95rem + ((1vw - 3.2px) * 0.813), 23px);\">\u00c0 part quelques ch\u0153urs professionnels, beaucoup de grands ch\u0153urs sont des formations d\u2019amateurs de qualit\u00e9.<\/p>\n\n\n\n<p style=\"font-size:clamp(15.197px, 0.95rem + ((1vw - 3.2px) * 0.813), 23px);\">Donc, je dis \u00e0 tous ceux qui s\u2019int\u00e9ressent \u00e0 l\u2019art vocal : \u00ab Faites-moi confiance et je vous emm\u00e8nerai vers les cimes de la musique\u2026 \u00bb<\/p>\n\n\n\n<p style=\"font-size:clamp(15.197px, 0.95rem + ((1vw - 3.2px) * 0.813), 23px);\">Philippe LEKIEFFRE, chef de ch\u0153ur<\/p>\n\n\n\n<p style=\"font-size:clamp(15.197px, 0.95rem + ((1vw - 3.2px) * 0.813), 23px);\">Jeudi 4 novembre 2021<\/p>\n<\/blockquote>\n","protected":false},"excerpt":{"rendered":"<p>Le Ch\u0153ur philMusic de Rambouillet a \u00e9t\u00e9 cr\u00e9\u00e9 par Philippe Lekieffre en 2019 apr\u00e8s qu\u2019il eut dirig\u00e9 pendant 37 ans le ch\u0153ur de l\u2019\u00e9cole Sainte-Th\u00e9r\u00e8se de Rambouillet o\u00f9 il enseignait la musique et le chant. De nombreux choristes du Ch\u0153ur Sainte-Th\u00e9r\u00e8se l\u2019ont suivi dans cette nouvelle aventure. Le r\u00e9pertoire du Ch\u0153ur philMusic couvre le chant [&hellip;]<\/p>\n","protected":false},"author":1,"featured_media":0,"parent":0,"menu_order":0,"comment_status":"closed","ping_status":"closed","template":"","meta":{"ngg_post_thumbnail":0,"footnotes":""},"class_list":["post-5344","page","type-page","status-publish","hentry"],"_links":{"self":[{"href":"https:\/\/philippe-lekieffre.com\/index.php?rest_route=\/wp\/v2\/pages\/5344","targetHints":{"allow":["GET"]}}],"collection":[{"href":"https:\/\/philippe-lekieffre.com\/index.php?rest_route=\/wp\/v2\/pages"}],"about":[{"href":"https:\/\/philippe-lekieffre.com\/index.php?rest_route=\/wp\/v2\/types\/page"}],"author":[{"embeddable":true,"href":"https:\/\/philippe-lekieffre.com\/index.php?rest_route=\/wp\/v2\/users\/1"}],"replies":[{"embeddable":true,"href":"https:\/\/philippe-lekieffre.com\/index.php?rest_route=%2Fwp%2Fv2%2Fcomments&post=5344"}],"version-history":[{"count":1,"href":"https:\/\/philippe-lekieffre.com\/index.php?rest_route=\/wp\/v2\/pages\/5344\/revisions"}],"predecessor-version":[{"id":5345,"href":"https:\/\/philippe-lekieffre.com\/index.php?rest_route=\/wp\/v2\/pages\/5344\/revisions\/5345"}],"wp:attachment":[{"href":"https:\/\/philippe-lekieffre.com\/index.php?rest_route=%2Fwp%2Fv2%2Fmedia&parent=5344"}],"curies":[{"name":"wp","href":"https:\/\/api.w.org\/{rel}","templated":true}]}}