{"id":5341,"date":"2026-03-22T11:09:37","date_gmt":"2026-03-22T11:09:37","guid":{"rendered":"https:\/\/philippe-lekieffre.com\/?page_id=5341"},"modified":"2026-04-14T16:19:13","modified_gmt":"2026-04-14T16:19:13","slug":"concerts","status":"publish","type":"page","link":"https:\/\/philippe-lekieffre.com\/?page_id=5341","title":{"rendered":"Concerts"},"content":{"rendered":"\n<figure class=\"wp-block-image size-large\"><img loading=\"lazy\" decoding=\"async\" width=\"724\" height=\"1024\" src=\"https:\/\/philippe-lekieffre.com\/wp-content\/uploads\/2026\/04\/Affiche-concerts-2026-v3-724x1024.jpg\" alt=\"\" class=\"wp-image-5423\" srcset=\"https:\/\/philippe-lekieffre.com\/wp-content\/uploads\/2026\/04\/Affiche-concerts-2026-v3-724x1024.jpg 724w, https:\/\/philippe-lekieffre.com\/wp-content\/uploads\/2026\/04\/Affiche-concerts-2026-v3-212x300.jpg 212w, https:\/\/philippe-lekieffre.com\/wp-content\/uploads\/2026\/04\/Affiche-concerts-2026-v3-768x1086.jpg 768w, https:\/\/philippe-lekieffre.com\/wp-content\/uploads\/2026\/04\/Affiche-concerts-2026-v3-1086x1536.jpg 1086w, https:\/\/philippe-lekieffre.com\/wp-content\/uploads\/2026\/04\/Affiche-concerts-2026-v3-1448x2048.jpg 1448w, https:\/\/philippe-lekieffre.com\/wp-content\/uploads\/2026\/04\/Affiche-concerts-2026-v3-scaled.jpg 1810w\" sizes=\"auto, (max-width: 724px) 100vw, 724px\" \/><\/figure>\n\n\n\n<h2 class=\"wp-block-heading\"><strong>Programme de la saison 2026&nbsp;<\/strong><\/h2>\n\n\n\n<p>Ce printemps, le Ch\u0153ur philMusic de Rambouillet vous propose un moment musical d\u2019exception : une s\u00e9rie de concerts qui fera r\u00e9sonner \u00e0 Gazeran, Rambouillet et Saint-L\u00e9ger-en-Yvelines quelques-unes des plus belles pages du r\u00e9pertoire choral europ\u00e9en.<\/p>\n\n\n\n<p>Sous la direction inspir\u00e9e de Philippe Lekieffre et accompagn\u00e9s de pianistes talentueux, les choristes interpr\u00e9teront un programme riche et lumineux, traversant les si\u00e8cles et les sensibilit\u00e9s musicales.<\/p>\n\n\n\n<p>Du romantisme flamboyant de Hector Berlioz \u00e0 l\u2019\u00e9l\u00e9gance fran\u00e7aise de Gabriel Faur\u00e9, en passant par la ferveur baroque de Georg Friedrich Haendel, ou encore les grandes fresques chorales de Johannes Brahms, le programme fera dialoguer les grandes traditions musicales europ\u00e9ennes.<\/p>\n\n\n\n<p>Vous pourrez \u00e9galement d\u00e9couvrir les couleurs romantiques de Felix Mendelssohn et Franz Schubert, l\u2019\u00e9nergie th\u00e9\u00e2trale de Gioachino Rossini, ainsi que l\u2019intensit\u00e9 expressive d\u2019Edward Elgar.<\/p>\n\n\n\n<p>\u00c0 ces chefs-d\u2019\u0153uvre du patrimoine s\u2019ajouteront \u00e9galement des \u0153uvres du compositeur et chef Philippe Lekieffre, inscrivant ce concert dans une dynamique vivante de cr\u00e9ation contemporaine et de transmission.<\/p>\n\n\n\n<p>Ces concerts promettent des moments de grande \u00e9motion : la puissance des voix r\u00e9unies, la richesse des harmonies et la beaut\u00e9 des textes en plusieurs langues vous porteront dans une exp\u00e9rience musicale intense. La musique chorale devient alors un v\u00e9ritable trait d\u2019union entre les cultures et les g\u00e9n\u00e9rations.<\/p>\n\n\n\n<p>Que vous soyez m\u00e9lomane passionn\u00e9, amateur de chant choral ou simplement curieux de vivre un moment artistique partag\u00e9, venez nombreux c\u00e9l\u00e9brer la beaut\u00e9 du chant choral et laisser les voix de philMusic vous emporter dans un moment de gr\u00e2ce et d\u2019\u00e9vasion.<\/p>\n\n\n\n<h2 class=\"wp-block-heading\">Programme d\u00e9taill\u00e9&nbsp;saison 2026<\/h2>\n\n\n\n<figure class=\"wp-block-table\"><table class=\"has-fixed-layout\"><tbody><tr><td>F\u00e9lix MENDELSSOHN B. (1809-1847)<\/td><td>Verleih uns Frieden<br>H\u00f6r mein Bitten<\/td><\/tr><tr><td>Gabriel FAUR\u00c9 (1845-1924)<\/td><td>Les Djinns<\/td><\/tr><tr><td>Franz SCHUBERT (1797-1828)<\/td><td>Cantate Mirjams Siegesgesang <\/td><\/tr><tr><td>Hector BERLIOZ (1803-1869)<\/td><td>Pri\u00e8re du matin (choeur de femmes)<\/td><\/tr><tr><td>Johannes BRAHMS ( 1833-1897)<\/td><td>Letztes Gl\u00fcck (a cappella)<\/td><\/tr><tr><td>Gioacchino ROSSINI ( 1792-1868)<\/td><td>Quartetto pastorale<\/td><\/tr><tr><td>Maximo MORENO<\/td><td>Otoya (a cappella)<\/td><\/tr><tr><td>Edward ELGAR (1857-1934)<\/td><td>From the Bavarian highlands :<br>N\u00b04 &#8211; Aspiration<\/td><\/tr><tr><td>Philippe LEKIEFFRE<\/td><td>Le vagabond<br>Le vert laurier<\/td><\/tr><\/tbody><\/table><\/figure>\n\n\n\n<p><br>Pour un aper\u00e7u des \u0153uvres, voir la <a href=\"https:\/\/philippe-lekieffre.com\/?page_id=3300\" data-type=\"page\" data-id=\"3300\">page des vid\u00e9os YouTube<\/a><\/p>\n\n\n\n<h2 class=\"wp-block-heading has-large-font-size\">Programme des concerts des saisons pr\u00e9c\u00e9dentes<\/h2>\n\n\n\n<h3 class=\"wp-block-heading\">Saison 2025<\/h3>\n\n\n\n<p>Concerts du 24 mai 2025 en l&rsquo;\u00e9glise St Nicolas de Saint Arnoult en Yvelines et du 25 mai 2025 au Temple de Rambouillet<\/p>\n\n\n\n<figure class=\"wp-block-table\"><table><tbody><tr><td>Edward ELGAR<\/td><td>As torrents in summer<\/td><td>\ufeff<\/td><\/tr><tr><td>F\u00e9lix MENDELSSOHN<\/td><td>Christe du Lamm Gottes<br><strong>Verleih uns Frieden<\/strong><\/td><td><a href=\"https:\/\/philippe-lekieffre.com\/staging\/wp-content\/uploads\/2025\/07\/2025-extrait-Verleih.mp3\">extrait<\/a><\/td><\/tr><tr><td>Franz SCHUBERT<\/td><td>Gebet<\/td><td>\ufeff<\/td><\/tr><tr><td>Johann Sebastian BACH<\/td><td>fl\u00fbte et piano<\/td><td>\ufeff<\/td><\/tr><tr><td>Robert SCHUMANN<\/td><td>Spanisches Liederspiel N\u00b05 &amp; 9<br>Zigeunerleben<\/td><td>\ufeff<\/td><\/tr><tr><td>Philippe LEKIEFFRE<\/td><td>J\u2019aime le vert laurier<\/td><td>\ufeff<\/td><\/tr><tr><td>Gabriel FAUR\u00c9<\/td><td>Les Djinns<\/td><td>\ufeff<\/td><\/tr><tr><td>Franz SCHUBERT<\/td><td>Der Tanz<\/td><td>\ufeff<\/td><\/tr><\/tbody><\/table><\/figure>\n\n\n\n<h3 class=\"wp-block-heading\" id=\"block-9c4349d7-bff1-4a9b-925c-abfeaa9e4ca5\">Saison 2024<\/h3>\n\n\n\n<p id=\"block-1318f156-eb52-43a2-b5ce-e7e342f06e1c\">Concerts du 24 mai 2024 au Temple de Rambouillet et du 25 mai 2024 en l&rsquo;\u00e9glise St Nicolas de Saint Arnoult en Yvelines<\/p>\n\n\n\n<figure class=\"wp-block-table\"><table><tbody><tr><td>Robert SCHUMANN<\/td><td>Erste Begegnung<br>Lied<br>Spanisches Liederspiel n\u00b05 et 9<\/td><td>\ufeff<\/td><\/tr><tr><td>C\u00e9sar FRANCK<\/td><td>Domine non secundum<br>Dextera Domine<\/td><td>\ufeff<\/td><\/tr><tr><td>Gabriel FAUR\u00c9<\/td><td>Puisqu\u2019ici-bas<br>Madrigal<br><strong>Cantique de Racine<\/strong><br>Pavane<\/td><td><strong><a href=\"https:\/\/philippe-lekieffre.com\/staging\/wp-content\/uploads\/2025\/07\/2024-extrait-Cantique-de-Jean-Racine.mp3\">extrait<\/a><\/strong><\/td><\/tr><tr><td>Henry PURCELL<\/td><td>Hush, no more (The FAIRY QUEEN)<br>I press her hand gently (The FAIRY QUEEN)<\/td><td>\ufeff<\/td><\/tr><tr><td>Edward ELGAR<\/td><td>The Snow<br>The Dance<\/td><td>\ufeff<\/td><\/tr><tr><td>Gioacchino ROSSINI<\/td><td>Il Carnevale<br>La Carit\u00e0<\/td><td>\ufeff<\/td><\/tr><tr><td>Philippe LEKIEFFRE<br><\/td><td>Kyrie<br><\/td><td><\/td><\/tr><\/tbody><\/table><\/figure>\n\n\n\n<h3 class=\"wp-block-heading\" id=\"block-9c4349d7-bff1-4a9b-925c-abfeaa9e4ca5\">Saison 2023<\/h3>\n\n\n\n<p id=\"block-18da1f6a-aeb2-4318-a1f0-2b24065a2cd2\">Concerts du 10 juin 2023 au Temple de Rambouillet et  11 juin 2023 en l&rsquo;\u00e9glise St Nicolas de Saint Arnoult en Yvelines<\/p>\n\n\n\n<figure class=\"wp-block-table\"><table class=\"has-fixed-layout\"><tbody><tr><td><strong>Ch\u0153ur a cappella&nbsp;:<\/strong><\/td><td><\/td><td><\/td><\/tr><tr><td>Liturgie orthodoxe<\/td><td>S\u2019nami Bog<\/td><td><\/td><\/tr><tr><td>Johann Christoph BACH<\/td><td>F\u00fcrchte dich nicht<\/td><td><\/td><\/tr><tr><td>Harmonisation AUBANEL<\/td><td>L\u2019Amour de Moy<\/td><td><\/td><\/tr><tr><td>Guillaume COSTELEY<\/td><td>Mignone, allons voir si la rose<\/td><td><strong><a href=\"https:\/\/philippe-lekieffre.com\/staging\/wp-content\/uploads\/2025\/07\/2023-extrait-Mignonne.mp3\">extrait<\/a><\/strong><\/td><\/tr><tr><td><strong>Duo fl\u00fbte et piano&nbsp;:<\/strong><\/td><td><\/td><td><\/td><\/tr><tr><td>Gabriel FAUR\u00c9<\/td><td>Sicilienne extrait de son op\u00e9ra <em><strong>Pell\u00e9as et M\u00e9lisande<\/strong><\/em><\/td><td><\/td><\/tr><tr><td><strong>Ch\u0153ur avec piano&nbsp;:<\/strong><\/td><td><\/td><td><\/td><\/tr><tr><td>Philippe LEKIEFFRE<\/td><td>Le Semeur<\/td><td><\/td><\/tr><tr><td>Franz SCHUBERT<\/td><td>An die Sonne<\/td><td><\/td><\/tr><tr><td>Robert SCHUMANN<\/td><td>Chanson espagnole, n\u00b05<\/td><td><\/td><\/tr><tr><td>Edward ELGAR<\/td><td>The snow<\/td><td><\/td><\/tr><tr><td>C\u00e9sar FRANCK<\/td><td>Domine non secundum<\/td><td><\/td><\/tr><tr><td>F\u00e9lix MENDELSSOHN<\/td><td>Drei geistlische Lieder<\/td><td><\/td><\/tr><\/tbody><\/table><\/figure>\n\n\n\n<h3 class=\"wp-block-heading\" id=\"block-9c4349d7-bff1-4a9b-925c-abfeaa9e4ca5\">Saison 2022<\/h3>\n\n\n\n<p id=\"block-b42b2e0e-85c5-4a31-96ce-aae9ae6bf4ea\">Concerts du 21 mai 2022 en l&rsquo;\u00e9glise Saint Lubin \u00e0 Rambouillet , 11 juin 2022 en l&rsquo;\u00e9glise Saint Nicolas de Saint Arnoult en Yvelines et 12 juin&nbsp;2022 en l&rsquo;\u00e9glise&nbsp; Saint Denis de M\u00e9r\u00e9<\/p>\n\n\n\n<p id=\"block-b6dbd8d4-fe43-4c75-9435-4d41664af1d0\">Ch\u0153urs  : philMusic et Les Baladins d&rsquo;Amaury<\/p>\n\n\n\n<figure class=\"wp-block-table\"><table class=\"has-fixed-layout\"><tbody><tr><td>Claudio MONTEVERDI<\/td><td>Christe Adoramus Te<br><strong>Cantate Domino Canticum Novum<\/strong><\/td><td><a href=\"https:\/\/philippe-lekieffre.com\/staging\/wp-content\/uploads\/2025\/07\/2022-extrait-Cantate-Domino.mp3\"><strong>extrait<\/strong><\/a><\/td><\/tr><tr><td>Antonio LOTTI<\/td><td>Missa Brevis<\/td><td><\/td><\/tr><tr><td>Philippe LEKIEFFRE<\/td><td>Bon app\u00e9tit messieurs<br>Dedans Paris<br>Le semeur<br>Como una rosa<\/td><td><\/td><\/tr><tr><td>Johannes BRAHMS<\/td><td>Geistliches Lied<\/td><td><\/td><\/tr><tr><td>Johann KRIEGER<\/td><td>Danket dem Herrn<\/td><td><\/td><\/tr><tr><td>Gaetano DONIZETTI<\/td><td>Tunc acceptabis<\/td><td><\/td><\/tr><tr><td>F\u00e9lix MENDELSSOHN<\/td><td>H\u00f6r mein Bitten<\/td><td><\/td><\/tr><\/tbody><\/table><\/figure>\n\n\n\n<p><\/p>\n\n\n\n<h2 class=\"wp-block-heading\"><strong>Photos<\/strong><\/h2>\n\n\n\n<p id=\"block-9c4349d7-bff1-4a9b-925c-abfeaa9e4ca5\">Concert mai 2025 &#8211; \u00c9glise de Saint Arnoult en  Yvelines<\/p>\n\n\n\n<p>Photographe : B\u00e9n\u00e9dicte MEYER<\/p>\n\n\n\nngg_shortcode_0_placeholder\n\n\n\n<p>Concerts mai 2024  &#8211; Saint Arnoult en Yvelines et Palaiseau<\/p>\n\n\n\nngg_shortcode_1_placeholder\n\n\n\n<p>Concert juin 2019 &#8211; \u00c9glise de Montfort-l&rsquo;Amaury<\/p>\n\n\n\nngg_shortcode_2_placeholder\n\n\n\n<p id=\"block-9c4349d7-bff1-4a9b-925c-abfeaa9e4ca5\"><\/p>\n","protected":false},"excerpt":{"rendered":"<p>Programme de la saison 2026&nbsp; Ce printemps, le Ch\u0153ur philMusic de Rambouillet vous propose un moment musical d\u2019exception : une s\u00e9rie de concerts qui fera r\u00e9sonner \u00e0 Gazeran, Rambouillet et Saint-L\u00e9ger-en-Yvelines quelques-unes des plus belles pages du r\u00e9pertoire choral europ\u00e9en. Sous la direction inspir\u00e9e de Philippe Lekieffre et accompagn\u00e9s de pianistes talentueux, les choristes interpr\u00e9teront [&hellip;]<\/p>\n","protected":false},"author":1,"featured_media":0,"parent":0,"menu_order":0,"comment_status":"closed","ping_status":"closed","template":"","meta":{"ngg_post_thumbnail":0,"footnotes":""},"class_list":["post-5341","page","type-page","status-publish","hentry"],"_links":{"self":[{"href":"https:\/\/philippe-lekieffre.com\/index.php?rest_route=\/wp\/v2\/pages\/5341","targetHints":{"allow":["GET"]}}],"collection":[{"href":"https:\/\/philippe-lekieffre.com\/index.php?rest_route=\/wp\/v2\/pages"}],"about":[{"href":"https:\/\/philippe-lekieffre.com\/index.php?rest_route=\/wp\/v2\/types\/page"}],"author":[{"embeddable":true,"href":"https:\/\/philippe-lekieffre.com\/index.php?rest_route=\/wp\/v2\/users\/1"}],"replies":[{"embeddable":true,"href":"https:\/\/philippe-lekieffre.com\/index.php?rest_route=%2Fwp%2Fv2%2Fcomments&post=5341"}],"version-history":[{"count":11,"href":"https:\/\/philippe-lekieffre.com\/index.php?rest_route=\/wp\/v2\/pages\/5341\/revisions"}],"predecessor-version":[{"id":5424,"href":"https:\/\/philippe-lekieffre.com\/index.php?rest_route=\/wp\/v2\/pages\/5341\/revisions\/5424"}],"wp:attachment":[{"href":"https:\/\/philippe-lekieffre.com\/index.php?rest_route=%2Fwp%2Fv2%2Fmedia&parent=5341"}],"curies":[{"name":"wp","href":"https:\/\/api.w.org\/{rel}","templated":true}]}}