{"id":29,"date":"2019-07-05T16:15:16","date_gmt":"2019-07-05T16:15:16","guid":{"rendered":"http:\/\/philippe-lekieffre.com\/?page_id=29"},"modified":"2019-07-05T16:35:13","modified_gmt":"2019-07-05T16:35:13","slug":"cours","status":"publish","type":"page","link":"https:\/\/philippe-lekieffre.com\/?page_id=29","title":{"rendered":"Cours"},"content":{"rendered":"\n<p>Je propose un travail instrumental\u00a0individuel et une initiation \u00e0 la musique de chambre, avec la fl\u00fbte traversi\u00e8re, le piano et le chant.<\/p>\n\n\n\n<figure class=\"wp-block-image\"><img loading=\"lazy\" decoding=\"async\" width=\"590\" height=\"297\" src=\"https:\/\/philippe-lekieffre.com\/wp-content\/uploads\/2019\/07\/DSC03704_cours_png.png\" alt=\"\" class=\"wp-image-33\" srcset=\"https:\/\/philippe-lekieffre.com\/wp-content\/uploads\/2019\/07\/DSC03704_cours_png.png 590w, https:\/\/philippe-lekieffre.com\/wp-content\/uploads\/2019\/07\/DSC03704_cours_png-300x151.png 300w\" sizes=\"auto, (max-width: 590px) 100vw, 590px\" \/><\/figure>\n\n\n\n<p class=\"has-medium-font-size\">Contexte p\u00e9dagogique:<\/p>\n\n\n\n<p>L&rsquo;apprentissage instrumental est appr\u00e9hend\u00e9 en initiant \u00e0 l&rsquo;expression, \u00e0 la forme musicale et \u00e0 l&rsquo;histoire tout au long de l&rsquo;enseignement.<\/p>\n\n\n\n<p>Le solf\u00e8ge est enseign\u00e9 avec l&rsquo;instrument au fur et \u00e0 mesure des besoins.<\/p>\n\n\n\n<p class=\"has-medium-font-size\">Tarifs:<\/p>\n\n\n\n<p>Sur la base forfaitaire de 200\u20ac par trimestre pour 1\/2 de cours par semaine.<\/p>\n\n\n\n<p>L&rsquo;heure enti\u00e8re de cours est dispens\u00e9e aux \u00e9l\u00e8ves atteignant un niveau \u00a0\u00bb moyen, fin d&rsquo;\u00e9tude ou sup\u00e9rieur\u00a0\u00bb. <\/p>\n","protected":false},"excerpt":{"rendered":"<p>Je propose un travail instrumental\u00a0individuel et une initiation \u00e0 la musique de chambre, avec la fl\u00fbte traversi\u00e8re, le piano et le chant. Contexte p\u00e9dagogique: L&rsquo;apprentissage instrumental est appr\u00e9hend\u00e9 en initiant \u00e0 l&rsquo;expression, \u00e0 la forme musicale et \u00e0 l&rsquo;histoire tout au long de l&rsquo;enseignement. Le solf\u00e8ge est enseign\u00e9 avec l&rsquo;instrument au fur et \u00e0 mesure [&hellip;]<\/p>\n","protected":false},"author":1,"featured_media":0,"parent":0,"menu_order":0,"comment_status":"closed","ping_status":"closed","template":"","meta":{"ngg_post_thumbnail":0,"footnotes":""},"class_list":["post-29","page","type-page","status-publish","hentry"],"_links":{"self":[{"href":"https:\/\/philippe-lekieffre.com\/index.php?rest_route=\/wp\/v2\/pages\/29","targetHints":{"allow":["GET"]}}],"collection":[{"href":"https:\/\/philippe-lekieffre.com\/index.php?rest_route=\/wp\/v2\/pages"}],"about":[{"href":"https:\/\/philippe-lekieffre.com\/index.php?rest_route=\/wp\/v2\/types\/page"}],"author":[{"embeddable":true,"href":"https:\/\/philippe-lekieffre.com\/index.php?rest_route=\/wp\/v2\/users\/1"}],"replies":[{"embeddable":true,"href":"https:\/\/philippe-lekieffre.com\/index.php?rest_route=%2Fwp%2Fv2%2Fcomments&post=29"}],"version-history":[{"count":3,"href":"https:\/\/philippe-lekieffre.com\/index.php?rest_route=\/wp\/v2\/pages\/29\/revisions"}],"predecessor-version":[{"id":34,"href":"https:\/\/philippe-lekieffre.com\/index.php?rest_route=\/wp\/v2\/pages\/29\/revisions\/34"}],"wp:attachment":[{"href":"https:\/\/philippe-lekieffre.com\/index.php?rest_route=%2Fwp%2Fv2%2Fmedia&parent=29"}],"curies":[{"name":"wp","href":"https:\/\/api.w.org\/{rel}","templated":true}]}}