{"id":1614,"date":"2021-11-03T08:06:59","date_gmt":"2021-11-03T08:06:59","guid":{"rendered":"http:\/\/philippe-lekieffre.com\/?page_id=1614"},"modified":"2024-11-10T09:08:43","modified_gmt":"2024-11-10T09:08:43","slug":"concert-juin-2019","status":"publish","type":"page","link":"https:\/\/philippe-lekieffre.com\/?page_id=1614","title":{"rendered":"Concert 2019 &#8211; extraits"},"content":{"rendered":"\n<p>Eglise de Montfort l&rsquo;Amaury &#8211; 8 juin 2019<\/p>\n\n\n\n<p>Les Baladins d&rsquo;Amaury &#8211; les ch\u0153urs Sainte-Th\u00e9r\u00e8se de Rambouillet &#8211; l&rsquo;orchestre philMusic<\/p>\n\n\n\n<p>Solistes : Juliette RAT ( mezzo soprano ) &#8211; Stella ROLLET ( soprano )<\/p>\n\n\n\n<p>Direction  : Philippe LEKIEFFRE<\/p>\n\n\n\n<p><\/p>\n\n\n\n<p>Avec piano :<\/p>\n\n\n\n<figure class=\"wp-block-audio\"><audio controls src=\"https:\/\/philippe-lekieffre.com\/wp-content\/uploads\/2024\/11\/01-Lasciatemi-morire-extrait.mp3\"><\/audio><figcaption class=\"wp-element-caption\">Lasciatemi morire &#8211; Monteverdi<\/figcaption><\/figure>\n\n\n\n<figure class=\"wp-block-audio\"><audio controls src=\"https:\/\/philippe-lekieffre.com\/wp-content\/uploads\/2024\/11\/02-La-petite-fille-sage-extrait.mp3\"><\/audio><figcaption class=\"wp-element-caption\">La petite fille sage &#8211; Poulenc<\/figcaption><\/figure>\n\n\n\n<figure class=\"wp-block-audio\"><audio controls src=\"https:\/\/philippe-lekieffre.com\/wp-content\/uploads\/2024\/11\/03-Zigeunerleben-extrait.mp3\"><\/audio><figcaption class=\"wp-element-caption\">Zigeunerleben &#8211; Schumann<\/figcaption><\/figure>\n\n\n\n<figure class=\"wp-block-audio\"><audio controls src=\"https:\/\/philippe-lekieffre.com\/wp-content\/uploads\/2024\/11\/04-Dextera-Domini-extrait.mp3\"><\/audio><figcaption class=\"wp-element-caption\">Dextera Domini &#8211; Franck<\/figcaption><\/figure>\n\n\n\n<figure class=\"wp-block-audio\"><audio controls src=\"https:\/\/philippe-lekieffre.com\/wp-content\/uploads\/2024\/11\/05-An-die-Sonne-extrait.mp3\"><\/audio><figcaption class=\"wp-element-caption\">An die Sonne &#8211; Schubert<\/figcaption><\/figure>\n\n\n\n<p>Avec orchestre :<\/p>\n\n\n\n<figure class=\"wp-block-audio\"><audio controls src=\"https:\/\/philippe-lekieffre.com\/wp-content\/uploads\/2024\/11\/06-1-Didon-et-Enee-extrait-soliste.mp3\"><\/audio><figcaption class=\"wp-element-caption\">Didon et En\u00e9e ( soliste ) &#8211; Purcell<\/figcaption><\/figure>\n\n\n\n<figure class=\"wp-block-audio\"><audio controls src=\"https:\/\/philippe-lekieffre.com\/wp-content\/uploads\/2024\/11\/06-2-Didon-et-Enee-extrait-du-choeur.mp3\"><\/audio><figcaption class=\"wp-element-caption\">Didon et Enn\u00e9e ( choeur ) &#8211; Purcell<\/figcaption><\/figure>\n\n\n\n<figure class=\"wp-block-audio\"><audio controls src=\"https:\/\/philippe-lekieffre.com\/wp-content\/uploads\/2024\/11\/07-Les-Indes-Galantes-extrait.mp3\"><\/audio><figcaption class=\"wp-element-caption\">Les Indes galantes &#8211; Rameau<\/figcaption><\/figure>\n\n\n\n<figure class=\"wp-block-audio\"><audio controls src=\"https:\/\/philippe-lekieffre.com\/wp-content\/uploads\/2024\/11\/08-Righteousness-and-equity-extrait.mp3\"><\/audio><figcaption class=\"wp-element-caption\">Righteousness and Equity &#8211; Haendel<\/figcaption><\/figure>\n\n\n\n<figure class=\"wp-block-audio\"><audio controls src=\"https:\/\/philippe-lekieffre.com\/wp-content\/uploads\/2024\/11\/09-Quare-fremuerunt-extrait.mp3\"><\/audio><figcaption class=\"wp-element-caption\">Quare fremuerunt &#8211; Saint-Sa\u00ebns<\/figcaption><\/figure>\n\n\n\n<h2 class=\"wp-block-heading has-small-font-size\">Petit oratorio &#8211; Philippe Lekieffre :<\/h2>\n\n\n\n<figure class=\"wp-block-audio\"><audio controls src=\"https:\/\/philippe-lekieffre.com\/wp-content\/uploads\/2024\/11\/11-Gloire-a-Dieu.mp3\"><\/audio><figcaption class=\"wp-element-caption\">Gloire \u00e0 Dieu<\/figcaption><\/figure>\n\n\n\n<p>Salut final :<\/p>\n\n\n\n<figure class=\"wp-block-audio\"><audio controls src=\"https:\/\/philippe-lekieffre.com\/wp-content\/uploads\/2024\/11\/14-Chassenez-Waltz-extrait.mp3\"><\/audio><figcaption class=\"wp-element-caption\">Chassenez Waltz (traditionnel) &#8211; Arrgt Philippe Lekieffre<\/figcaption><\/figure>\n\n\n\n<p><\/p>\n","protected":false},"excerpt":{"rendered":"<p>Eglise de Montfort l&rsquo;Amaury &#8211; 8 juin 2019 Les Baladins d&rsquo;Amaury &#8211; les ch\u0153urs Sainte-Th\u00e9r\u00e8se de Rambouillet &#8211; l&rsquo;orchestre philMusic Solistes : Juliette RAT ( mezzo soprano ) &#8211; Stella ROLLET ( soprano ) Direction : Philippe LEKIEFFRE Avec piano : Avec orchestre : Petit oratorio &#8211; Philippe Lekieffre : Salut final :<\/p>\n","protected":false},"author":1,"featured_media":0,"parent":0,"menu_order":0,"comment_status":"closed","ping_status":"closed","template":"","meta":{"ngg_post_thumbnail":0,"footnotes":""},"class_list":["post-1614","page","type-page","status-publish","hentry"],"_links":{"self":[{"href":"https:\/\/philippe-lekieffre.com\/index.php?rest_route=\/wp\/v2\/pages\/1614","targetHints":{"allow":["GET"]}}],"collection":[{"href":"https:\/\/philippe-lekieffre.com\/index.php?rest_route=\/wp\/v2\/pages"}],"about":[{"href":"https:\/\/philippe-lekieffre.com\/index.php?rest_route=\/wp\/v2\/types\/page"}],"author":[{"embeddable":true,"href":"https:\/\/philippe-lekieffre.com\/index.php?rest_route=\/wp\/v2\/users\/1"}],"replies":[{"embeddable":true,"href":"https:\/\/philippe-lekieffre.com\/index.php?rest_route=%2Fwp%2Fv2%2Fcomments&post=1614"}],"version-history":[{"count":13,"href":"https:\/\/philippe-lekieffre.com\/index.php?rest_route=\/wp\/v2\/pages\/1614\/revisions"}],"predecessor-version":[{"id":3867,"href":"https:\/\/philippe-lekieffre.com\/index.php?rest_route=\/wp\/v2\/pages\/1614\/revisions\/3867"}],"wp:attachment":[{"href":"https:\/\/philippe-lekieffre.com\/index.php?rest_route=%2Fwp%2Fv2%2Fmedia&parent=1614"}],"curies":[{"name":"wp","href":"https:\/\/api.w.org\/{rel}","templated":true}]}}